{"id":14271,"date":"2022-09-22T15:56:57","date_gmt":"2022-09-22T12:56:57","guid":{"rendered":"https:\/\/arehealthclinic.com\/iletisim\/"},"modified":"2022-12-26T19:35:20","modified_gmt":"2022-12-26T19:35:20","slug":"kontakt","status":"publish","type":"page","link":"https:\/\/arehealthclinic.com\/de\/kontakt\/","title":{"rendered":"Kontakt"},"content":{"rendered":"<p>[vc_row luminosity=&#8220;dark&#8220; bg_position=&#8220;center center&#8220; enable_overlay=&#8220;yes&#8220; enable_row_dividers=&#8220;yes&#8220; enable_loading_bg=&#8220;yes&#8220; css=&#8220;.vc_custom_1663855096944{padding-top: 180px !important;padding-bottom: 100px !important;background-image: url(https:\/\/marketinghub.liquid-themes.com\/staging\/wp-content\/uploads\/2020\/05\/marketing-bg@2x-scaled.jpg?id=5865) !important;background-position: center !important;background-repeat: no-repeat !important;background-size: cover !important;}&#8220; overlay_bg=&#8220;rgba(12, 13, 14, 0.34)&#8220; row_svg_divider=&#8220;bottom_shape_type:12|bottom_shape_color:%23ffffff|bottom_shape_height:68&#8243;][vc_column align=&#8220;text-center&#8220; offset=&#8220;vc_col-md-offset-1 vc_col-md-10&#8243; css=&#8220;.vc_custom_1595576723011{background-position: 0 0 !important;background-repeat: no-repeat !important;}&#8220; responsive_align=&#8220;text-center&#8220;]<style>.ld_fancy_heading_69fc85a222d45 h3{color:rgb(255, 255, 255);}.ld_fancy_heading_69fc85a222d45 h3 {font-size:50px; } .ld_fancy_heading_69fc85a222d45 h3 {letter-spacing:0.1em; } .ld_fancy_heading_69fc85a222d45 h3 {margin-bottom:1.8em !important;  } .ld_fancy_heading_69fc85a222d45 .lqd-highlight-inner{height:0.275em!important;bottom:0px!important;}.ld_fancy_heading_69fc85a222d45 h3 {font-size:50px; } .ld_fancy_heading_69fc85a222d45 h3 {letter-spacing:0.1em; } .ld_fancy_heading_69fc85a222d45 h3 {margin-bottom:1.8em !important;  } <\/style><div class=\"ld-fancy-heading text-uppercase ld_fancy_heading_69fc85a222d45\">\n\t<h3 class=\"ld-fh-element lqd-highlight-underline lqd-highlight-grow-left text-decoration-default\"   >  Kontakt<\/h3><\/div>[\/vc_column][\/vc_row][vc_row responsive_css=&#8220;margin_top_large:150px|margin_top_medium:50px&#8220; css=&#8220;.vc_custom_1663854573230{margin-top: 150px !important;}&#8220;][vc_column width=&#8220;2\/3&#8243;]<style>@media (min-width: 768px) { .ld_fancy_heading_69fc85a222fee h1 {font-size:60px; }  } .ld_fancy_heading_69fc85a222fee h1 {font-weight:700; } .ld_fancy_heading_69fc85a222fee h1 {margin-bottom:0.1em !important;  } .ld_fancy_heading_69fc85a222fee .lqd-highlight-inner{height:0.275em!important;bottom:0px!important;}@media (min-width: 768px) { .ld_fancy_heading_69fc85a222fee h1 {font-size:60px; }  } .ld_fancy_heading_69fc85a222fee h1 {font-weight:700; } .ld_fancy_heading_69fc85a222fee h1 {margin-bottom:0.1em !important;  } <\/style><div class=\"ld-fancy-heading ld_fancy_heading_69fc85a222fee\">\n\t<h1 class=\"ld-fh-element lqd-highlight-underline lqd-highlight-grow-left text-decoration-default\"   >  Kontakt<\/h1><\/div><style>.ld_fancy_heading_69fc85a223154 p{color:rgb(34, 36, 58);}.ld_fancy_heading_69fc85a223154 p {font-size:17px; } .ld_fancy_heading_69fc85a223154 .lqd-highlight-inner{height:0.275em!important;bottom:0px!important;}.ld_fancy_heading_69fc85a223154 p {font-size:17px; } <\/style><div class=\"ld-fancy-heading ld_fancy_heading_69fc85a223154\">\n\t<p class=\"ld-fh-element lqd-highlight-underline lqd-highlight-grow-left text-decoration-default\"   >  Sie k\u00f6nnen uns \u00fcber die unten stehenden Links erreichen.<\/p><\/div>[vc_row_inner css=&#8220;.vc_custom_1608560196551{padding-top: 45px !important;}&#8220;][vc_column_inner width=&#8220;1\/2&#8243;]<style>.ld_fancy_heading_69fc85a2232b8 p{color:rgb(0, 0, 0);}.ld_fancy_heading_69fc85a2232b8 p {font-size:14px; } .ld_fancy_heading_69fc85a2232b8 p {line-height:1.2em; } .ld_fancy_heading_69fc85a2232b8 p {--element-line-height:1.2em; } .ld_fancy_heading_69fc85a2232b8 p {margin-bottom:1em !important;  } .ld_fancy_heading_69fc85a2232b8 .lqd-highlight-inner{height:0.275em!important;bottom:0px!important;}.ld_fancy_heading_69fc85a2232b8 p {font-size:14px; } .ld_fancy_heading_69fc85a2232b8 p {line-height:1.2em; } .ld_fancy_heading_69fc85a2232b8 p {--element-line-height:1.2em; } .ld_fancy_heading_69fc85a2232b8 p {margin-bottom:1em !important;  } <\/style><div class=\"ld-fancy-heading ld_fancy_heading_69fc85a2232b8\">\n\t<p class=\"ld-fh-element lqd-highlight-underline lqd-highlight-grow-left text-decoration-default\"   >  Telefon<\/p><\/div><style>.ld_fancy_heading_69fc85a223401 p{color:rgb(0, 107, 255);}.ld_fancy_heading_69fc85a223401 p {font-size:14px; } .ld_fancy_heading_69fc85a223401 p {line-height:1.2em; } .ld_fancy_heading_69fc85a223401 p {--element-line-height:1.2em; } .ld_fancy_heading_69fc85a223401 p {font-weight:700; } .ld_fancy_heading_69fc85a223401 .lqd-highlight-inner{height:0.275em!important;bottom:0px!important;}.ld_fancy_heading_69fc85a223401 p {font-size:14px; } .ld_fancy_heading_69fc85a223401 p {line-height:1.2em; } .ld_fancy_heading_69fc85a223401 p {--element-line-height:1.2em; } .ld_fancy_heading_69fc85a223401 p {font-weight:700; } <\/style><div class=\"ld-fancy-heading ld_fancy_heading_69fc85a223401\">\n\t<p class=\"ld-fh-element lqd-highlight-underline lqd-highlight-grow-left text-decoration-default\"   >  +90 544 130 52 52<\/p><\/div><style>.ld_spacer_69fc85a2234b9{height:32px;}<\/style>\n<div class=\"ld-empty-space ld_spacer_69fc85a2234b9\"><\/div><style>.ld_fancy_heading_69fc85a2235b2 p{color:rgb(0, 0, 0);}.ld_fancy_heading_69fc85a2235b2 p {font-size:14px; } .ld_fancy_heading_69fc85a2235b2 p {line-height:1.2em; } .ld_fancy_heading_69fc85a2235b2 p {--element-line-height:1.2em; } .ld_fancy_heading_69fc85a2235b2 p {margin-bottom:1em !important;  } .ld_fancy_heading_69fc85a2235b2 .lqd-highlight-inner{height:0.275em!important;bottom:0px!important;}.ld_fancy_heading_69fc85a2235b2 p {font-size:14px; } .ld_fancy_heading_69fc85a2235b2 p {line-height:1.2em; } .ld_fancy_heading_69fc85a2235b2 p {--element-line-height:1.2em; } .ld_fancy_heading_69fc85a2235b2 p {margin-bottom:1em !important;  } <\/style><div class=\"ld-fancy-heading ld_fancy_heading_69fc85a2235b2\">\n\t<p class=\"ld-fh-element lqd-highlight-underline lqd-highlight-grow-left text-decoration-default\"   >  Adresse<\/p><\/div><style>.ld_fancy_heading_69fc85a2236f1 p{color:rgb(0, 107, 255);}.ld_fancy_heading_69fc85a2236f1 p {font-size:14px; } .ld_fancy_heading_69fc85a2236f1 p {line-height:1.2em; } .ld_fancy_heading_69fc85a2236f1 p {--element-line-height:1.2em; } .ld_fancy_heading_69fc85a2236f1 p {font-weight:700; } .ld_fancy_heading_69fc85a2236f1 .lqd-highlight-inner{height:0.275em!important;bottom:0px!important;}.ld_fancy_heading_69fc85a2236f1 p {font-size:14px; } .ld_fancy_heading_69fc85a2236f1 p {line-height:1.2em; } .ld_fancy_heading_69fc85a2236f1 p {--element-line-height:1.2em; } .ld_fancy_heading_69fc85a2236f1 p {font-weight:700; } <\/style><div class=\"ld-fancy-heading ld_fancy_heading_69fc85a2236f1\">\n\t<p class=\"ld-fh-element lqd-highlight-underline lqd-highlight-grow-left text-decoration-default\"   >  Kartaltepe Mahallesi 1.Malazgirt Caddesi No:10 K\u00fc\u00e7\u00fck\u00e7ekmece\/\u0130stanbul<\/p><\/div>[\/vc_column_inner][vc_column_inner width=&#8220;1\/2&#8243;]<style>.ld_fancy_heading_69fc85a22381d p{color:rgb(0, 0, 0);}.ld_fancy_heading_69fc85a22381d p {font-size:14px; } .ld_fancy_heading_69fc85a22381d p {line-height:1.2em; } .ld_fancy_heading_69fc85a22381d p {--element-line-height:1.2em; } .ld_fancy_heading_69fc85a22381d p {margin-bottom:1em !important;  } .ld_fancy_heading_69fc85a22381d .lqd-highlight-inner{height:0.275em!important;bottom:0px!important;}.ld_fancy_heading_69fc85a22381d p {font-size:14px; } .ld_fancy_heading_69fc85a22381d p {line-height:1.2em; } .ld_fancy_heading_69fc85a22381d p {--element-line-height:1.2em; } .ld_fancy_heading_69fc85a22381d p {margin-bottom:1em !important;  } <\/style><div class=\"ld-fancy-heading ld_fancy_heading_69fc85a22381d\">\n\t<p class=\"ld-fh-element lqd-highlight-underline lqd-highlight-grow-left text-decoration-default\"   >  E-Mail<\/p><\/div><style>.ld_fancy_heading_69fc85a223953 p{color:rgb(0, 107, 255);}.ld_fancy_heading_69fc85a223953 p {font-size:14px; } .ld_fancy_heading_69fc85a223953 p {line-height:1.2em; } .ld_fancy_heading_69fc85a223953 p {--element-line-height:1.2em; } .ld_fancy_heading_69fc85a223953 p {font-weight:700; } .ld_fancy_heading_69fc85a223953 .lqd-highlight-inner{height:0.275em!important;bottom:0px!important;}.ld_fancy_heading_69fc85a223953 p {font-size:14px; } .ld_fancy_heading_69fc85a223953 p {line-height:1.2em; } .ld_fancy_heading_69fc85a223953 p {--element-line-height:1.2em; } .ld_fancy_heading_69fc85a223953 p {font-weight:700; } <\/style><div class=\"ld-fancy-heading ld_fancy_heading_69fc85a223953\">\n\t<p class=\"ld-fh-element lqd-highlight-underline lqd-highlight-grow-left text-decoration-default\"   >  info@arehealthclinic.com<\/p><\/div><style>.ld_spacer_69fc85a2239f2{height:32px;}<\/style>\n<div class=\"ld-empty-space ld_spacer_69fc85a2239f2\"><\/div>[\/vc_column_inner][\/vc_row_inner][\/vc_column][vc_column width=&#8220;1\/3&#8243; css=&#8220;.vc_custom_1663854513839{background-color: #ffffff !important;border-radius: 10px !important;}&#8220;]<style>.ld_fancy_heading_69fc85a223ac4 h3 {font-size:20px; } .ld_fancy_heading_69fc85a223ac4 h3 {margin-bottom:1.25em !important;  } .ld_fancy_heading_69fc85a223ac4 .lqd-highlight-inner{height:0.275em!important;bottom:0px!important;}.ld_fancy_heading_69fc85a223ac4 h3 {font-size:20px; } .ld_fancy_heading_69fc85a223ac4 h3 {margin-bottom:1.25em !important;  } <\/style><div class=\"ld-fancy-heading ld_fancy_heading_69fc85a223ac4\">\n\t<h3 class=\"ld-fh-element lqd-highlight-underline lqd-highlight-grow-left text-decoration-default\"   >  Kontaktiere Uns<\/h3><\/div><style>.ld_cf7_69fc85a223b98 input,.ld_cf7_69fc85a223b98 textarea,.ld_cf7_69fc85a223b98 .ui-button.ui-selectmenu-button{font-size:13px;}.ld_cf7_69fc85a223b98 input[type=\"submit\"]{font-size:16px;}.ld_cf7_69fc85a223b98 input, .ld_cf7_69fc85a223b98 select, .ld_cf7_69fc85a223b98 textarea, .ld_cf7_69fc85a223b98 .ui-button.ui-selectmenu-button, .ld_cf7_69fc85a223b98 .wpcf7-form-control-wrap > i, .ld_cf7_69fc85a223b98 .wpcf7-radio{color:rgb(90, 102, 126);}.ld_cf7_69fc85a223b98 input:focus, .ld_cf7_69fc85a223b98 select:focus, .ld_cf7_69fc85a223b98 textarea:focus, .ld_cf7_69fc85a223b98 .ui-button.ui-selectmenu-button:hover, .wpcf7-acceptance .wpcf7-list-item-label:after{color:rgb(0, 0, 0);}.ld_cf7_69fc85a223b98 input, .ld_cf7_69fc85a223b98 select, .ld_cf7_69fc85a223b98 textarea, .ld_cf7_69fc85a223b98 .ui-button.ui-selectmenu-button, .ld_cf7_69fc85a223b98 .wpcf7-acceptance .wpcf7-list-item-label:before{border-color:rgba(123, 131, 142, 0.16);}.ld_cf7_69fc85a223b98 input:focus, .ld_cf7_69fc85a223b98 select:focus, .ld_cf7_69fc85a223b98 textarea:focus, .ld_cf7_69fc85a223b98 .ui-button.ui-selectmenu-button:hover{border-color:rgb(90, 102, 126);}.ld_cf7_69fc85a223b98 .wpcf7-form-control-wrap{margin-bottom:18px;}<\/style><div id=\"ld_cf7_69fc85a223b98\" class=\"lqd-contact-form lqd-contact-form-button-block ld_cf7_69fc85a223b98 vc_custom_1672083317971\">\n\t\n<div class=\"wpcf7 no-js\" id=\"wpcf7-f15263-o1\" lang=\"en-US\" dir=\"ltr\">\n<div class=\"screen-reader-response\"><p role=\"status\" aria-live=\"polite\" aria-atomic=\"true\"><\/p> <ul><\/ul><\/div>\n<form action=\"\/de\/wp-json\/wp\/v2\/pages\/14271#wpcf7-f15263-o1\" method=\"post\" class=\"wpcf7-form init\" aria-label=\"Contact form\" novalidate=\"novalidate\" data-status=\"init\">\n<div style=\"display: none;\">\n<input type=\"hidden\" name=\"_wpcf7\" value=\"15263\" \/>\n<input type=\"hidden\" name=\"_wpcf7_version\" value=\"5.8.1\" \/>\n<input type=\"hidden\" name=\"_wpcf7_locale\" value=\"en_US\" \/>\n<input type=\"hidden\" name=\"_wpcf7_unit_tag\" value=\"wpcf7-f15263-o1\" \/>\n<input type=\"hidden\" name=\"_wpcf7_container_post\" value=\"0\" \/>\n<input type=\"hidden\" name=\"_wpcf7_posted_data_hash\" value=\"\" \/>\n<\/div>\n<p><label> Nachname<br \/>\n<span class=\"wpcf7-form-control-wrap\" data-name=\"your-name\"><input size=\"40\" class=\"wpcf7-form-control wpcf7-text wpcf7-validates-as-required\" aria-required=\"true\" aria-invalid=\"false\" value=\"\" type=\"text\" name=\"your-name\" \/><\/span> <\/label>\n<\/p>\n<p><label> E-Mail<br \/>\n<span class=\"wpcf7-form-control-wrap\" data-name=\"your-email\"><input size=\"40\" class=\"wpcf7-form-control wpcf7-email wpcf7-validates-as-required wpcf7-text wpcf7-validates-as-email\" aria-required=\"true\" aria-invalid=\"false\" value=\"\" type=\"email\" name=\"your-email\" \/><\/span> <\/label>\n<\/p>\n<p><label> Telefon<br \/>\n<span class=\"wpcf7-form-control-wrap\" data-name=\"telefon\"><input size=\"40\" class=\"wpcf7-form-control wpcf7-phonetext wpcf7-validates-as-required wpcf7-text wpcf7-validates-as-phonetext\" aria-required=\"true\" aria-invalid=\"false\" placeholder=\"99999999\" value=\"\" type=\"text\" name=\"telefon\" \/><input type=\"hidden\" name=\"telefon-country-code\" class=\"wpcf7-phonetext-country-code\" \/><\/span><\/label>\n<\/p>\n<p><label> Operation<br \/>\n<span class=\"wpcf7-form-control-wrap\" data-name=\"operasyon\"><input size=\"40\" class=\"wpcf7-form-control wpcf7-text wpcf7-validates-as-required\" aria-required=\"true\" aria-invalid=\"false\" value=\"\" type=\"text\" name=\"operasyon\" \/><\/span> <\/label>\n<\/p>\n<p><input class=\"wpcf7-form-control wpcf7-submit has-spinner\" type=\"submit\" value=\"Schicken\" \/>\n<\/p><div class=\"wpcf7-response-output\" aria-hidden=\"true\"><\/div>\n<\/form>\n<\/div>\n<\/div>[\/vc_column][\/vc_row][vc_row full_width=&#8220;stretch_row&#8220; gap=&#8220;0&#8243; css=&#8220;.vc_custom_1663854613362{margin-top: 30px !important;}&#8220;][vc_column][vc_gmaps link=&#8220;#E-8_JTNDaWZyYW1lJTIwc3JjJTNEJTIyaHR0cHMlM0ElMkYlMkZ3d3cuZ29vZ2xlLmNvbSUyRm1hcHMlMkZlbWJlZCUzRnBiJTNEJTIxMW0xNCUyMTFtOCUyMTFtMyUyMTFkNjAyMS42MzQxMzMzNjYyNTklMjEyZDI4LjgwODY1MDk5OTk5OTk5OCUyMTNkNDEuMDA3Mzc3JTIxM20yJTIxMWkxMDI0JTIxMmk3NjglMjE0ZjEzLjElMjEzbTMlMjExbTIlMjExczB4MTRjYWE0N2ViZTA4YjY5ZCUyNTNBMHhlYjcxYTE3ZDZjNTBkMTE5JTIxMnpTMkZ5ZEdGc2RHVndaU3dnVFdGc1lYcG5hWEowSUVOa0xpQk9iem94TUN3Z016UXlPVFVnUzhPOHc2ZkR2R3ZEcDJWcmJXVmpaU19Fc0hOMFlXNWlkV3clMjE1ZTAlMjEzbTIlMjExc3RyJTIxMnN0ciUyMTR2MTY2Mzg1MTc5Mjk0MSUyMTVtMiUyMTFzdHIlMjEyc3RyJTIyJTIwd2lkdGglM0QlMjI2MDAlMjIlMjBoZWlnaHQlM0QlMjI0NTAlMjIlMjBzdHlsZSUzRCUyMmJvcmRlciUzQTAlM0IlMjIlMjBhbGxvd2Z1bGxzY3JlZW4lM0QlMjIlMjIlMjBsb2FkaW5nJTNEJTIybGF6eSUyMiUyMHJlZmVycmVycG9saWN5JTNEJTIybm8tcmVmZXJyZXItd2hlbi1kb3duZ3JhZGUlMjIlM0UlM0MlMkZpZnJhbWUlM0U=&#8220;][\/vc_column][\/vc_row]<\/p>\n","protected":false},"excerpt":{"rendered":"<p>[vc_row luminosity=&#8220;dark&#8220; bg_position=&#8220;center center&#8220; enable_overlay=&#8220;yes&#8220; enable_row_dividers=&#8220;yes&#8220; enable_loading_bg=&#8220;yes&#8220; css=&#8220;.vc_custom_1663855096944{padding-top: 180px !important;padding-bottom: 100px !important;background-image: url(https:\/\/marketinghub.liquid-themes.com\/staging\/wp-content\/uploads\/2020\/05\/marketing-bg@2x-scaled.jpg?id=5865) !important;background-position: center !important;background-repeat: no-repeat !important;background-size: cover !important;}&#8220; overlay_bg=&#8220;rgba(12, 13, 14, 0.34)&#8220; row_svg_divider=&#8220;bottom_shape_type:12|bottom_shape_color:%23ffffff|bottom_shape_height:68&#8243;][vc_column align=&#8220;text-center&#8220; offset=&#8220;vc_col-md-offset-1 vc_col-md-10&#8243; css=&#8220;.vc_custom_1595576723011{background-position: 0 0 !important;background-repeat: no-repeat !important;}&#8220; responsive_align=&#8220;text-center&#8220;][\/vc_column][\/vc_row][vc_row responsive_css=&#8220;margin_top_large:150px|margin_top_medium:50px&#8220; css=&#8220;.vc_custom_1663854573230{margin-top: 150px !important;}&#8220;][vc_column width=&#8220;2\/3&#8243;][vc_row_inner css=&#8220;.vc_custom_1608560196551{padding-top: 45px !important;}&#8220;][vc_column_inner width=&#8220;1\/2&#8243;][\/vc_column_inner][vc_column_inner width=&#8220;1\/2&#8243;][\/vc_column_inner][\/vc_row_inner][\/vc_column][vc_column width=&#8220;1\/3&#8243; css=&#8220;.vc_custom_1663854513839{background-color: #ffffff !important;border-radius: 10px !important;}&#8220;][\/vc_column][\/vc_row][vc_row full_width=&#8220;stretch_row&#8220; gap=&#8220;0&#8243; css=&#8220;.vc_custom_1663854613362{margin-top: 30px [&hellip;]<\/p>\n","protected":false},"author":1,"featured_media":0,"parent":0,"menu_order":0,"comment_status":"closed","ping_status":"closed","template":"","meta":{"om_disable_all_campaigns":false,"footnotes":""},"_links":{"self":[{"href":"https:\/\/arehealthclinic.com\/de\/wp-json\/wp\/v2\/pages\/14271"}],"collection":[{"href":"https:\/\/arehealthclinic.com\/de\/wp-json\/wp\/v2\/pages"}],"about":[{"href":"https:\/\/arehealthclinic.com\/de\/wp-json\/wp\/v2\/types\/page"}],"author":[{"embeddable":true,"href":"https:\/\/arehealthclinic.com\/de\/wp-json\/wp\/v2\/users\/1"}],"replies":[{"embeddable":true,"href":"https:\/\/arehealthclinic.com\/de\/wp-json\/wp\/v2\/comments?post=14271"}],"version-history":[{"count":5,"href":"https:\/\/arehealthclinic.com\/de\/wp-json\/wp\/v2\/pages\/14271\/revisions"}],"predecessor-version":[{"id":15264,"href":"https:\/\/arehealthclinic.com\/de\/wp-json\/wp\/v2\/pages\/14271\/revisions\/15264"}],"wp:attachment":[{"href":"https:\/\/arehealthclinic.com\/de\/wp-json\/wp\/v2\/media?parent=14271"}],"curies":[{"name":"wp","href":"https:\/\/api.w.org\/{rel}","templated":true}]}}