{"id":14270,"date":"2022-09-22T15:56:57","date_gmt":"2022-09-22T12:56:57","guid":{"rendered":"https:\/\/arehealthclinic.com\/iletisim\/"},"modified":"2022-12-26T19:12:21","modified_gmt":"2022-12-26T19:12:21","slug":"contact","status":"publish","type":"page","link":"https:\/\/arehealthclinic.com\/fr\/contact\/","title":{"rendered":"Contact"},"content":{"rendered":"<p>[vc_row luminosity=\u00a0\u00bbdark\u00a0\u00bb bg_position=\u00a0\u00bbcenter center\u00a0\u00bb enable_overlay=\u00a0\u00bbyes\u00a0\u00bb enable_row_dividers=\u00a0\u00bbyes\u00a0\u00bb enable_loading_bg=\u00a0\u00bbyes\u00a0\u00bb css=\u00a0\u00bb.vc_custom_1663855096944{padding-top: 180px !important;padding-bottom: 100px !important;background-image: url(https:\/\/marketinghub.liquid-themes.com\/staging\/wp-content\/uploads\/2020\/05\/marketing-bg@2x-scaled.jpg?id=5865) !important;background-position: center !important;background-repeat: no-repeat !important;background-size: cover !important;}\u00a0\u00bb overlay_bg=\u00a0\u00bbrgba(12, 13, 14, 0.34)\u00a0\u00bb row_svg_divider=\u00a0\u00bbbottom_shape_type:12|bottom_shape_color:%23ffffff|bottom_shape_height:68&Prime;][vc_column align=\u00a0\u00bbtext-center\u00a0\u00bb offset=\u00a0\u00bbvc_col-md-offset-1 vc_col-md-10&Prime; css=\u00a0\u00bb.vc_custom_1595576723011{background-position: 0 0 !important;background-repeat: no-repeat !important;}\u00a0\u00bb responsive_align=\u00a0\u00bbtext-center\u00a0\u00bb]<style>.ld_fancy_heading_69fc86204c5fd h3{color:rgb(255, 255, 255);}.ld_fancy_heading_69fc86204c5fd h3 {font-size:50px; } .ld_fancy_heading_69fc86204c5fd h3 {letter-spacing:0.1em; } .ld_fancy_heading_69fc86204c5fd h3 {margin-bottom:1.8em !important;  } .ld_fancy_heading_69fc86204c5fd .lqd-highlight-inner{height:0.275em!important;bottom:0px!important;}.ld_fancy_heading_69fc86204c5fd h3 {font-size:50px; } .ld_fancy_heading_69fc86204c5fd h3 {letter-spacing:0.1em; } .ld_fancy_heading_69fc86204c5fd h3 {margin-bottom:1.8em !important;  } <\/style><div class=\"ld-fancy-heading text-uppercase ld_fancy_heading_69fc86204c5fd\">\n\t<h3 class=\"ld-fh-element lqd-highlight-underline lqd-highlight-grow-left text-decoration-default\"   >  Contact<\/h3><\/div>[\/vc_column][\/vc_row][vc_row responsive_css=\u00a0\u00bbmargin_top_large:150px|margin_top_medium:50px\u00a0\u00bb css=\u00a0\u00bb.vc_custom_1663854573230{margin-top: 150px !important;}\u00a0\u00bb][vc_column width=\u00a0\u00bb2\/3&Prime;]<style>@media (min-width: 768px) { .ld_fancy_heading_69fc86204ca72 h1 {font-size:60px; }  } .ld_fancy_heading_69fc86204ca72 h1 {font-weight:700; } .ld_fancy_heading_69fc86204ca72 h1 {margin-bottom:0.1em !important;  } .ld_fancy_heading_69fc86204ca72 .lqd-highlight-inner{height:0.275em!important;bottom:0px!important;}@media (min-width: 768px) { .ld_fancy_heading_69fc86204ca72 h1 {font-size:60px; }  } .ld_fancy_heading_69fc86204ca72 h1 {font-weight:700; } .ld_fancy_heading_69fc86204ca72 h1 {margin-bottom:0.1em !important;  } <\/style><div class=\"ld-fancy-heading ld_fancy_heading_69fc86204ca72\">\n\t<h1 class=\"ld-fh-element lqd-highlight-underline lqd-highlight-grow-left text-decoration-default\"   >  Contact<\/h1><\/div><style>.ld_fancy_heading_69fc86204cd01 p{color:rgb(34, 36, 58);}.ld_fancy_heading_69fc86204cd01 p {font-size:17px; } .ld_fancy_heading_69fc86204cd01 .lqd-highlight-inner{height:0.275em!important;bottom:0px!important;}.ld_fancy_heading_69fc86204cd01 p {font-size:17px; } <\/style><div class=\"ld-fancy-heading ld_fancy_heading_69fc86204cd01\">\n\t<p class=\"ld-fh-element lqd-highlight-underline lqd-highlight-grow-left text-decoration-default\"   >  Vous pouvez nous joindre \u00e0 partir des liens ci-dessous.<\/p><\/div>[vc_row_inner css=\u00a0\u00bb.vc_custom_1608560196551{padding-top: 45px !important;}\u00a0\u00bb][vc_column_inner width=\u00a0\u00bb1\/2&Prime;]<style>.ld_fancy_heading_69fc86204cf54 p{color:rgb(0, 0, 0);}.ld_fancy_heading_69fc86204cf54 p {font-size:14px; } .ld_fancy_heading_69fc86204cf54 p {line-height:1.2em; } .ld_fancy_heading_69fc86204cf54 p {--element-line-height:1.2em; } .ld_fancy_heading_69fc86204cf54 p {margin-bottom:1em !important;  } .ld_fancy_heading_69fc86204cf54 .lqd-highlight-inner{height:0.275em!important;bottom:0px!important;}.ld_fancy_heading_69fc86204cf54 p {font-size:14px; } .ld_fancy_heading_69fc86204cf54 p {line-height:1.2em; } .ld_fancy_heading_69fc86204cf54 p {--element-line-height:1.2em; } .ld_fancy_heading_69fc86204cf54 p {margin-bottom:1em !important;  } <\/style><div class=\"ld-fancy-heading ld_fancy_heading_69fc86204cf54\">\n\t<p class=\"ld-fh-element lqd-highlight-underline lqd-highlight-grow-left text-decoration-default\"   >  T\u00e9l\u00e9phone<\/p><\/div><style>.ld_fancy_heading_69fc86204d1bb p{color:rgb(0, 107, 255);}.ld_fancy_heading_69fc86204d1bb p {font-size:14px; } .ld_fancy_heading_69fc86204d1bb p {line-height:1.2em; } .ld_fancy_heading_69fc86204d1bb p {--element-line-height:1.2em; } .ld_fancy_heading_69fc86204d1bb p {font-weight:700; } .ld_fancy_heading_69fc86204d1bb .lqd-highlight-inner{height:0.275em!important;bottom:0px!important;}.ld_fancy_heading_69fc86204d1bb p {font-size:14px; } .ld_fancy_heading_69fc86204d1bb p {line-height:1.2em; } .ld_fancy_heading_69fc86204d1bb p {--element-line-height:1.2em; } .ld_fancy_heading_69fc86204d1bb p {font-weight:700; } <\/style><div class=\"ld-fancy-heading ld_fancy_heading_69fc86204d1bb\">\n\t<p class=\"ld-fh-element lqd-highlight-underline lqd-highlight-grow-left text-decoration-default\"   >  +90 544 130 52 52<\/p><\/div><style>.ld_spacer_69fc86204d30c{height:32px;}<\/style>\n<div class=\"ld-empty-space ld_spacer_69fc86204d30c\"><\/div><style>.ld_fancy_heading_69fc86204d4f2 p{color:rgb(0, 0, 0);}.ld_fancy_heading_69fc86204d4f2 p {font-size:14px; } .ld_fancy_heading_69fc86204d4f2 p {line-height:1.2em; } .ld_fancy_heading_69fc86204d4f2 p {--element-line-height:1.2em; } .ld_fancy_heading_69fc86204d4f2 p {margin-bottom:1em !important;  } .ld_fancy_heading_69fc86204d4f2 .lqd-highlight-inner{height:0.275em!important;bottom:0px!important;}.ld_fancy_heading_69fc86204d4f2 p {font-size:14px; } .ld_fancy_heading_69fc86204d4f2 p {line-height:1.2em; } .ld_fancy_heading_69fc86204d4f2 p {--element-line-height:1.2em; } .ld_fancy_heading_69fc86204d4f2 p {margin-bottom:1em !important;  } <\/style><div class=\"ld-fancy-heading ld_fancy_heading_69fc86204d4f2\">\n\t<p class=\"ld-fh-element lqd-highlight-underline lqd-highlight-grow-left text-decoration-default\"   >  Adresse<\/p><\/div><style>.ld_fancy_heading_69fc86204d751 p{color:rgb(0, 107, 255);}.ld_fancy_heading_69fc86204d751 p {font-size:14px; } .ld_fancy_heading_69fc86204d751 p {line-height:1.2em; } .ld_fancy_heading_69fc86204d751 p {--element-line-height:1.2em; } .ld_fancy_heading_69fc86204d751 p {font-weight:700; } .ld_fancy_heading_69fc86204d751 .lqd-highlight-inner{height:0.275em!important;bottom:0px!important;}.ld_fancy_heading_69fc86204d751 p {font-size:14px; } .ld_fancy_heading_69fc86204d751 p {line-height:1.2em; } .ld_fancy_heading_69fc86204d751 p {--element-line-height:1.2em; } .ld_fancy_heading_69fc86204d751 p {font-weight:700; } <\/style><div class=\"ld-fancy-heading ld_fancy_heading_69fc86204d751\">\n\t<p class=\"ld-fh-element lqd-highlight-underline lqd-highlight-grow-left text-decoration-default\"   >  Kartaltepe Mahallesi 1.Malazgirt Caddesi No:10 K\u00fc\u00e7\u00fck\u00e7ekmece\/\u0130stanbul<\/p><\/div>[\/vc_column_inner][vc_column_inner width=\u00a0\u00bb1\/2&Prime;]<style>.ld_fancy_heading_69fc86204d9b6 p{color:rgb(0, 0, 0);}.ld_fancy_heading_69fc86204d9b6 p {font-size:14px; } .ld_fancy_heading_69fc86204d9b6 p {line-height:1.2em; } .ld_fancy_heading_69fc86204d9b6 p {--element-line-height:1.2em; } .ld_fancy_heading_69fc86204d9b6 p {margin-bottom:1em !important;  } .ld_fancy_heading_69fc86204d9b6 .lqd-highlight-inner{height:0.275em!important;bottom:0px!important;}.ld_fancy_heading_69fc86204d9b6 p {font-size:14px; } .ld_fancy_heading_69fc86204d9b6 p {line-height:1.2em; } .ld_fancy_heading_69fc86204d9b6 p {--element-line-height:1.2em; } .ld_fancy_heading_69fc86204d9b6 p {margin-bottom:1em !important;  } <\/style><div class=\"ld-fancy-heading ld_fancy_heading_69fc86204d9b6\">\n\t<p class=\"ld-fh-element lqd-highlight-underline lqd-highlight-grow-left text-decoration-default\"   >  E-Mail<\/p><\/div><style>.ld_fancy_heading_69fc86204dc06 p{color:rgb(0, 107, 255);}.ld_fancy_heading_69fc86204dc06 p {font-size:14px; } .ld_fancy_heading_69fc86204dc06 p {line-height:1.2em; } .ld_fancy_heading_69fc86204dc06 p {--element-line-height:1.2em; } .ld_fancy_heading_69fc86204dc06 p {font-weight:700; } .ld_fancy_heading_69fc86204dc06 .lqd-highlight-inner{height:0.275em!important;bottom:0px!important;}.ld_fancy_heading_69fc86204dc06 p {font-size:14px; } .ld_fancy_heading_69fc86204dc06 p {line-height:1.2em; } .ld_fancy_heading_69fc86204dc06 p {--element-line-height:1.2em; } .ld_fancy_heading_69fc86204dc06 p {font-weight:700; } <\/style><div class=\"ld-fancy-heading ld_fancy_heading_69fc86204dc06\">\n\t<p class=\"ld-fh-element lqd-highlight-underline lqd-highlight-grow-left text-decoration-default\"   >  info@arehealthclinic.com<\/p><\/div><style>.ld_spacer_69fc86204dd4e{height:32px;}<\/style>\n<div class=\"ld-empty-space ld_spacer_69fc86204dd4e\"><\/div>[\/vc_column_inner][\/vc_row_inner][\/vc_column][vc_column width=\u00a0\u00bb1\/3&Prime; css=\u00a0\u00bb.vc_custom_1663854513839{background-color: #ffffff !important;border-radius: 10px !important;}\u00a0\u00bb]<style>.ld_fancy_heading_69fc86204dee5 h3 {font-size:20px; } .ld_fancy_heading_69fc86204dee5 h3 {margin-bottom:1.25em !important;  } .ld_fancy_heading_69fc86204dee5 .lqd-highlight-inner{height:0.275em!important;bottom:0px!important;}.ld_fancy_heading_69fc86204dee5 h3 {font-size:20px; } .ld_fancy_heading_69fc86204dee5 h3 {margin-bottom:1.25em !important;  } <\/style><div class=\"ld-fancy-heading ld_fancy_heading_69fc86204dee5\">\n\t<h3 class=\"ld-fh-element lqd-highlight-underline lqd-highlight-grow-left text-decoration-default\"   >  Contacter Maintenant<\/h3><\/div><style>.ld_cf7_69fc86204e092 input,.ld_cf7_69fc86204e092 textarea,.ld_cf7_69fc86204e092 .ui-button.ui-selectmenu-button{font-size:13px;}.ld_cf7_69fc86204e092 input[type=\"submit\"]{font-size:16px;}.ld_cf7_69fc86204e092 input, .ld_cf7_69fc86204e092 select, .ld_cf7_69fc86204e092 textarea, .ld_cf7_69fc86204e092 .ui-button.ui-selectmenu-button, .ld_cf7_69fc86204e092 .wpcf7-form-control-wrap > i, .ld_cf7_69fc86204e092 .wpcf7-radio{color:rgb(90, 102, 126);}.ld_cf7_69fc86204e092 input:focus, .ld_cf7_69fc86204e092 select:focus, .ld_cf7_69fc86204e092 textarea:focus, .ld_cf7_69fc86204e092 .ui-button.ui-selectmenu-button:hover, .wpcf7-acceptance .wpcf7-list-item-label:after{color:rgb(0, 0, 0);}.ld_cf7_69fc86204e092 input, .ld_cf7_69fc86204e092 select, .ld_cf7_69fc86204e092 textarea, .ld_cf7_69fc86204e092 .ui-button.ui-selectmenu-button, .ld_cf7_69fc86204e092 .wpcf7-acceptance .wpcf7-list-item-label:before{border-color:rgba(123, 131, 142, 0.16);}.ld_cf7_69fc86204e092 input:focus, .ld_cf7_69fc86204e092 select:focus, .ld_cf7_69fc86204e092 textarea:focus, .ld_cf7_69fc86204e092 .ui-button.ui-selectmenu-button:hover{border-color:rgb(90, 102, 126);}.ld_cf7_69fc86204e092 .wpcf7-form-control-wrap{margin-bottom:18px;}<\/style><div id=\"ld_cf7_69fc86204e092\" class=\"lqd-contact-form lqd-contact-form-button-block ld_cf7_69fc86204e092 vc_custom_1672081937858\">\n\t\n<div class=\"wpcf7 no-js\" id=\"wpcf7-f15249-o1\" lang=\"en-US\" dir=\"ltr\">\n<div class=\"screen-reader-response\"><p role=\"status\" aria-live=\"polite\" aria-atomic=\"true\"><\/p> <ul><\/ul><\/div>\n<form action=\"\/fr\/wp-json\/wp\/v2\/pages\/14270#wpcf7-f15249-o1\" method=\"post\" class=\"wpcf7-form init\" aria-label=\"Contact form\" novalidate=\"novalidate\" data-status=\"init\">\n<div style=\"display: none;\">\n<input type=\"hidden\" name=\"_wpcf7\" value=\"15249\" \/>\n<input type=\"hidden\" name=\"_wpcf7_version\" value=\"5.8.1\" \/>\n<input type=\"hidden\" name=\"_wpcf7_locale\" value=\"en_US\" \/>\n<input type=\"hidden\" name=\"_wpcf7_unit_tag\" value=\"wpcf7-f15249-o1\" \/>\n<input type=\"hidden\" name=\"_wpcf7_container_post\" value=\"0\" \/>\n<input type=\"hidden\" name=\"_wpcf7_posted_data_hash\" value=\"\" \/>\n<\/div>\n<p><label> Nom<br \/>\n<span class=\"wpcf7-form-control-wrap\" data-name=\"your-name\"><input size=\"40\" class=\"wpcf7-form-control wpcf7-text wpcf7-validates-as-required\" aria-required=\"true\" aria-invalid=\"false\" value=\"\" type=\"text\" name=\"your-name\" \/><\/span> <\/label>\n<\/p>\n<p><label> E-Mail<br \/>\n<span class=\"wpcf7-form-control-wrap\" data-name=\"your-email\"><input size=\"40\" class=\"wpcf7-form-control wpcf7-email wpcf7-validates-as-required wpcf7-text wpcf7-validates-as-email\" aria-required=\"true\" aria-invalid=\"false\" value=\"\" type=\"email\" name=\"your-email\" \/><\/span> <\/label>\n<\/p>\n<p><label> T\u00e9l\u00e9phone<br \/>\n<span class=\"wpcf7-form-control-wrap\" data-name=\"telefon\"><input size=\"40\" class=\"wpcf7-form-control wpcf7-phonetext wpcf7-validates-as-required wpcf7-text wpcf7-validates-as-phonetext\" aria-required=\"true\" aria-invalid=\"false\" placeholder=\"99999999\" value=\"\" type=\"text\" name=\"telefon\" \/><input type=\"hidden\" name=\"telefon-country-code\" class=\"wpcf7-phonetext-country-code\" \/><\/span><\/label>\n<\/p>\n<p><label> Op\u00e9ration<br \/>\n<span class=\"wpcf7-form-control-wrap\" data-name=\"operasyon\"><input size=\"40\" class=\"wpcf7-form-control wpcf7-text wpcf7-validates-as-required\" aria-required=\"true\" aria-invalid=\"false\" value=\"\" type=\"text\" name=\"operasyon\" \/><\/span> <\/label>\n<\/p>\n<p><input class=\"wpcf7-form-control wpcf7-submit has-spinner\" type=\"submit\" value=\"Envoyer\" \/>\n<\/p><div class=\"wpcf7-response-output\" aria-hidden=\"true\"><\/div>\n<\/form>\n<\/div>\n<\/div>[\/vc_column][\/vc_row][vc_row full_width=\u00a0\u00bbstretch_row\u00a0\u00bb gap=\u00a0\u00bb0&Prime; css=\u00a0\u00bb.vc_custom_1663854613362{margin-top: 30px !important;}\u00a0\u00bb][vc_column][vc_gmaps link=\u00a0\u00bb#E-8_JTNDaWZyYW1lJTIwc3JjJTNEJTIyaHR0cHMlM0ElMkYlMkZ3d3cuZ29vZ2xlLmNvbSUyRm1hcHMlMkZlbWJlZCUzRnBiJTNEJTIxMW0xNCUyMTFtOCUyMTFtMyUyMTFkNjAyMS42MzQxMzMzNjYyNTklMjEyZDI4LjgwODY1MDk5OTk5OTk5OCUyMTNkNDEuMDA3Mzc3JTIxM20yJTIxMWkxMDI0JTIxMmk3NjglMjE0ZjEzLjElMjEzbTMlMjExbTIlMjExczB4MTRjYWE0N2ViZTA4YjY5ZCUyNTNBMHhlYjcxYTE3ZDZjNTBkMTE5JTIxMnpTMkZ5ZEdGc2RHVndaU3dnVFdGc1lYcG5hWEowSUVOa0xpQk9iem94TUN3Z016UXlPVFVnUzhPOHc2ZkR2R3ZEcDJWcmJXVmpaU19Fc0hOMFlXNWlkV3clMjE1ZTAlMjEzbTIlMjExc3RyJTIxMnN0ciUyMTR2MTY2Mzg1MTc5Mjk0MSUyMTVtMiUyMTFzdHIlMjEyc3RyJTIyJTIwd2lkdGglM0QlMjI2MDAlMjIlMjBoZWlnaHQlM0QlMjI0NTAlMjIlMjBzdHlsZSUzRCUyMmJvcmRlciUzQTAlM0IlMjIlMjBhbGxvd2Z1bGxzY3JlZW4lM0QlMjIlMjIlMjBsb2FkaW5nJTNEJTIybGF6eSUyMiUyMHJlZmVycmVycG9saWN5JTNEJTIybm8tcmVmZXJyZXItd2hlbi1kb3duZ3JhZGUlMjIlM0UlM0MlMkZpZnJhbWUlM0U=\u00a0\u00bb][\/vc_column][\/vc_row]<\/p>\n","protected":false},"excerpt":{"rendered":"<p>[vc_row luminosity=\u00a0\u00bbdark\u00a0\u00bb bg_position=\u00a0\u00bbcenter center\u00a0\u00bb enable_overlay=\u00a0\u00bbyes\u00a0\u00bb enable_row_dividers=\u00a0\u00bbyes\u00a0\u00bb enable_loading_bg=\u00a0\u00bbyes\u00a0\u00bb css=\u00a0\u00bb.vc_custom_1663855096944{padding-top: 180px !important;padding-bottom: 100px !important;background-image: url(https:\/\/marketinghub.liquid-themes.com\/staging\/wp-content\/uploads\/2020\/05\/marketing-bg@2x-scaled.jpg?id=5865) !important;background-position: center !important;background-repeat: no-repeat !important;background-size: cover !important;}\u00a0\u00bb overlay_bg=\u00a0\u00bbrgba(12, 13, 14, 0.34)\u00a0\u00bb row_svg_divider=\u00a0\u00bbbottom_shape_type:12|bottom_shape_color:%23ffffff|bottom_shape_height:68&Prime;][vc_column align=\u00a0\u00bbtext-center\u00a0\u00bb offset=\u00a0\u00bbvc_col-md-offset-1 vc_col-md-10&Prime; css=\u00a0\u00bb.vc_custom_1595576723011{background-position: 0 0 !important;background-repeat: no-repeat !important;}\u00a0\u00bb responsive_align=\u00a0\u00bbtext-center\u00a0\u00bb][\/vc_column][\/vc_row][vc_row responsive_css=\u00a0\u00bbmargin_top_large:150px|margin_top_medium:50px\u00a0\u00bb css=\u00a0\u00bb.vc_custom_1663854573230{margin-top: 150px !important;}\u00a0\u00bb][vc_column width=\u00a0\u00bb2\/3&Prime;][vc_row_inner css=\u00a0\u00bb.vc_custom_1608560196551{padding-top: 45px !important;}\u00a0\u00bb][vc_column_inner width=\u00a0\u00bb1\/2&Prime;][\/vc_column_inner][vc_column_inner width=\u00a0\u00bb1\/2&Prime;][\/vc_column_inner][\/vc_row_inner][\/vc_column][vc_column width=\u00a0\u00bb1\/3&Prime; css=\u00a0\u00bb.vc_custom_1663854513839{background-color: #ffffff !important;border-radius: 10px !important;}\u00a0\u00bb][\/vc_column][\/vc_row][vc_row full_width=\u00a0\u00bbstretch_row\u00a0\u00bb gap=\u00a0\u00bb0&Prime; css=\u00a0\u00bb.vc_custom_1663854613362{margin-top: 30px [&hellip;]<\/p>\n","protected":false},"author":1,"featured_media":0,"parent":0,"menu_order":0,"comment_status":"closed","ping_status":"closed","template":"","meta":{"om_disable_all_campaigns":false,"footnotes":""},"_links":{"self":[{"href":"https:\/\/arehealthclinic.com\/fr\/wp-json\/wp\/v2\/pages\/14270"}],"collection":[{"href":"https:\/\/arehealthclinic.com\/fr\/wp-json\/wp\/v2\/pages"}],"about":[{"href":"https:\/\/arehealthclinic.com\/fr\/wp-json\/wp\/v2\/types\/page"}],"author":[{"embeddable":true,"href":"https:\/\/arehealthclinic.com\/fr\/wp-json\/wp\/v2\/users\/1"}],"replies":[{"embeddable":true,"href":"https:\/\/arehealthclinic.com\/fr\/wp-json\/wp\/v2\/comments?post=14270"}],"version-history":[{"count":5,"href":"https:\/\/arehealthclinic.com\/fr\/wp-json\/wp\/v2\/pages\/14270\/revisions"}],"predecessor-version":[{"id":15250,"href":"https:\/\/arehealthclinic.com\/fr\/wp-json\/wp\/v2\/pages\/14270\/revisions\/15250"}],"wp:attachment":[{"href":"https:\/\/arehealthclinic.com\/fr\/wp-json\/wp\/v2\/media?parent=14270"}],"curies":[{"name":"wp","href":"https:\/\/api.w.org\/{rel}","templated":true}]}}