{"id":14272,"date":"2022-09-22T15:56:57","date_gmt":"2022-09-22T12:56:57","guid":{"rendered":"https:\/\/arehealthclinic.com\/iletisim\/"},"modified":"2022-11-28T10:07:27","modified_gmt":"2022-11-28T10:07:27","slug":"iletisim","status":"publish","type":"page","link":"https:\/\/arehealthclinic.com\/tr\/iletisim\/","title":{"rendered":"\u0130leti\u015fim"},"content":{"rendered":"<p>[vc_row luminosity=&#8221;dark&#8221; bg_position=&#8221;center center&#8221; enable_overlay=&#8221;yes&#8221; enable_row_dividers=&#8221;yes&#8221; enable_loading_bg=&#8221;yes&#8221; css=&#8221;.vc_custom_1663855096944{padding-top: 180px !important;padding-bottom: 100px !important;background-image: url(https:\/\/marketinghub.liquid-themes.com\/staging\/wp-content\/uploads\/2020\/05\/marketing-bg@2x-scaled.jpg?id=5865) !important;background-position: center !important;background-repeat: no-repeat !important;background-size: cover !important;}&#8221; overlay_bg=&#8221;rgba(12, 13, 14, 0.34)&#8221; row_svg_divider=&#8221;bottom_shape_type:12|bottom_shape_color:%23ffffff|bottom_shape_height:68&#8243;][vc_column align=&#8221;text-center&#8221; offset=&#8221;vc_col-md-offset-1 vc_col-md-10&#8243; css=&#8221;.vc_custom_1595576723011{background-position: 0 0 !important;background-repeat: no-repeat !important;}&#8221; responsive_align=&#8221;text-center&#8221;]<style>.ld_fancy_heading_69fc85e17c4cc h3{color:rgb(255, 255, 255);}.ld_fancy_heading_69fc85e17c4cc h3 {font-size:50px; } .ld_fancy_heading_69fc85e17c4cc h3 {letter-spacing:0.1em; } .ld_fancy_heading_69fc85e17c4cc h3 {margin-bottom:1.8em !important;  } .ld_fancy_heading_69fc85e17c4cc .lqd-highlight-inner{height:0.275em!important;bottom:0px!important;}.ld_fancy_heading_69fc85e17c4cc h3 {font-size:50px; } .ld_fancy_heading_69fc85e17c4cc h3 {letter-spacing:0.1em; } .ld_fancy_heading_69fc85e17c4cc h3 {margin-bottom:1.8em !important;  } <\/style><div class=\"ld-fancy-heading text-uppercase ld_fancy_heading_69fc85e17c4cc\">\n\t<h3 class=\"ld-fh-element lqd-highlight-underline lqd-highlight-grow-left text-decoration-default\"   >  \u0130leti\u015fim<\/h3><\/div>[\/vc_column][\/vc_row][vc_row responsive_css=&#8221;margin_top_large:150px|margin_top_medium:50px&#8221; css=&#8221;.vc_custom_1663854573230{margin-top: 150px !important;}&#8221;][vc_column width=&#8221;2\/3&#8243;]<style>@media (min-width: 768px) { .ld_fancy_heading_69fc85e17c88f h1 {font-size:60px; }  } .ld_fancy_heading_69fc85e17c88f h1 {font-weight:700; } .ld_fancy_heading_69fc85e17c88f h1 {margin-bottom:0.1em !important;  } .ld_fancy_heading_69fc85e17c88f .lqd-highlight-inner{height:0.275em!important;bottom:0px!important;}@media (min-width: 768px) { .ld_fancy_heading_69fc85e17c88f h1 {font-size:60px; }  } .ld_fancy_heading_69fc85e17c88f h1 {font-weight:700; } .ld_fancy_heading_69fc85e17c88f h1 {margin-bottom:0.1em !important;  } <\/style><div class=\"ld-fancy-heading ld_fancy_heading_69fc85e17c88f\">\n\t<h1 class=\"ld-fh-element lqd-highlight-underline lqd-highlight-grow-left text-decoration-default\"   >  \u0130leti\u015fim<\/h1><\/div><style>.ld_fancy_heading_69fc85e17cb03 p{color:rgb(34, 36, 58);}.ld_fancy_heading_69fc85e17cb03 p {font-size:17px; } .ld_fancy_heading_69fc85e17cb03 .lqd-highlight-inner{height:0.275em!important;bottom:0px!important;}.ld_fancy_heading_69fc85e17cb03 p {font-size:17px; } <\/style><div class=\"ld-fancy-heading ld_fancy_heading_69fc85e17cb03\">\n\t<p class=\"ld-fh-element lqd-highlight-underline lqd-highlight-grow-left text-decoration-default\"   >  A\u015fa\u011f\u0131daki ba\u011flant\u0131lardan bizlere ula\u015fabilirsiniz.<\/p><\/div>[vc_row_inner css=&#8221;.vc_custom_1608560196551{padding-top: 45px !important;}&#8221;][vc_column_inner width=&#8221;1\/2&#8243;]<style>.ld_fancy_heading_69fc85e17cd40 p{color:rgb(0, 0, 0);}.ld_fancy_heading_69fc85e17cd40 p {font-size:14px; } .ld_fancy_heading_69fc85e17cd40 p {line-height:1.2em; } .ld_fancy_heading_69fc85e17cd40 p {--element-line-height:1.2em; } .ld_fancy_heading_69fc85e17cd40 p {margin-bottom:1em !important;  } .ld_fancy_heading_69fc85e17cd40 .lqd-highlight-inner{height:0.275em!important;bottom:0px!important;}.ld_fancy_heading_69fc85e17cd40 p {font-size:14px; } .ld_fancy_heading_69fc85e17cd40 p {line-height:1.2em; } .ld_fancy_heading_69fc85e17cd40 p {--element-line-height:1.2em; } .ld_fancy_heading_69fc85e17cd40 p {margin-bottom:1em !important;  } <\/style><div class=\"ld-fancy-heading ld_fancy_heading_69fc85e17cd40\">\n\t<p class=\"ld-fh-element lqd-highlight-underline lqd-highlight-grow-left text-decoration-default\"   >  Telefon<\/p><\/div><style>.ld_fancy_heading_69fc85e17cf2a p{color:rgb(0, 107, 255);}.ld_fancy_heading_69fc85e17cf2a p {font-size:14px; } .ld_fancy_heading_69fc85e17cf2a p {line-height:1.2em; } .ld_fancy_heading_69fc85e17cf2a p {--element-line-height:1.2em; } .ld_fancy_heading_69fc85e17cf2a p {font-weight:700; } .ld_fancy_heading_69fc85e17cf2a .lqd-highlight-inner{height:0.275em!important;bottom:0px!important;}.ld_fancy_heading_69fc85e17cf2a p {font-size:14px; } .ld_fancy_heading_69fc85e17cf2a p {line-height:1.2em; } .ld_fancy_heading_69fc85e17cf2a p {--element-line-height:1.2em; } .ld_fancy_heading_69fc85e17cf2a p {font-weight:700; } <\/style><div class=\"ld-fancy-heading ld_fancy_heading_69fc85e17cf2a\">\n\t<p class=\"ld-fh-element lqd-highlight-underline lqd-highlight-grow-left text-decoration-default\"   >  +90 544 130 52 52<\/p><\/div><style>.ld_spacer_69fc85e17d040{height:32px;}<\/style>\n<div class=\"ld-empty-space ld_spacer_69fc85e17d040\"><\/div><style>.ld_fancy_heading_69fc85e17d210 p{color:rgb(0, 0, 0);}.ld_fancy_heading_69fc85e17d210 p {font-size:14px; } .ld_fancy_heading_69fc85e17d210 p {line-height:1.2em; } .ld_fancy_heading_69fc85e17d210 p {--element-line-height:1.2em; } .ld_fancy_heading_69fc85e17d210 p {margin-bottom:1em !important;  } .ld_fancy_heading_69fc85e17d210 .lqd-highlight-inner{height:0.275em!important;bottom:0px!important;}.ld_fancy_heading_69fc85e17d210 p {font-size:14px; } .ld_fancy_heading_69fc85e17d210 p {line-height:1.2em; } .ld_fancy_heading_69fc85e17d210 p {--element-line-height:1.2em; } .ld_fancy_heading_69fc85e17d210 p {margin-bottom:1em !important;  } <\/style><div class=\"ld-fancy-heading ld_fancy_heading_69fc85e17d210\">\n\t<p class=\"ld-fh-element lqd-highlight-underline lqd-highlight-grow-left text-decoration-default\"   >  Adres<\/p><\/div><style>.ld_fancy_heading_69fc85e17d478 p{color:rgb(0, 107, 255);}.ld_fancy_heading_69fc85e17d478 p {font-size:14px; } .ld_fancy_heading_69fc85e17d478 p {line-height:1.2em; } .ld_fancy_heading_69fc85e17d478 p {--element-line-height:1.2em; } .ld_fancy_heading_69fc85e17d478 p {font-weight:700; } .ld_fancy_heading_69fc85e17d478 .lqd-highlight-inner{height:0.275em!important;bottom:0px!important;}.ld_fancy_heading_69fc85e17d478 p {font-size:14px; } .ld_fancy_heading_69fc85e17d478 p {line-height:1.2em; } .ld_fancy_heading_69fc85e17d478 p {--element-line-height:1.2em; } .ld_fancy_heading_69fc85e17d478 p {font-weight:700; } <\/style><div class=\"ld-fancy-heading ld_fancy_heading_69fc85e17d478\">\n\t<p class=\"ld-fh-element lqd-highlight-underline lqd-highlight-grow-left text-decoration-default\"   >  Kartaltepe Mahallesi 1.Malazgirt Caddesi No:10 K\u00fc\u00e7\u00fck\u00e7ekmece\/\u0130stanbul<\/p><\/div>[\/vc_column_inner][vc_column_inner width=&#8221;1\/2&#8243;]<style>.ld_fancy_heading_69fc85e17d6c9 p{color:rgb(0, 0, 0);}.ld_fancy_heading_69fc85e17d6c9 p {font-size:14px; } .ld_fancy_heading_69fc85e17d6c9 p {line-height:1.2em; } .ld_fancy_heading_69fc85e17d6c9 p {--element-line-height:1.2em; } .ld_fancy_heading_69fc85e17d6c9 p {margin-bottom:1em !important;  } .ld_fancy_heading_69fc85e17d6c9 .lqd-highlight-inner{height:0.275em!important;bottom:0px!important;}.ld_fancy_heading_69fc85e17d6c9 p {font-size:14px; } .ld_fancy_heading_69fc85e17d6c9 p {line-height:1.2em; } .ld_fancy_heading_69fc85e17d6c9 p {--element-line-height:1.2em; } .ld_fancy_heading_69fc85e17d6c9 p {margin-bottom:1em !important;  } <\/style><div class=\"ld-fancy-heading ld_fancy_heading_69fc85e17d6c9\">\n\t<p class=\"ld-fh-element lqd-highlight-underline lqd-highlight-grow-left text-decoration-default\"   >  E-Posta<\/p><\/div><style>.ld_fancy_heading_69fc85e17d901 p{color:rgb(0, 107, 255);}.ld_fancy_heading_69fc85e17d901 p {font-size:14px; } .ld_fancy_heading_69fc85e17d901 p {line-height:1.2em; } .ld_fancy_heading_69fc85e17d901 p {--element-line-height:1.2em; } .ld_fancy_heading_69fc85e17d901 p {font-weight:700; } .ld_fancy_heading_69fc85e17d901 .lqd-highlight-inner{height:0.275em!important;bottom:0px!important;}.ld_fancy_heading_69fc85e17d901 p {font-size:14px; } .ld_fancy_heading_69fc85e17d901 p {line-height:1.2em; } .ld_fancy_heading_69fc85e17d901 p {--element-line-height:1.2em; } .ld_fancy_heading_69fc85e17d901 p {font-weight:700; } <\/style><div class=\"ld-fancy-heading ld_fancy_heading_69fc85e17d901\">\n\t<p class=\"ld-fh-element lqd-highlight-underline lqd-highlight-grow-left text-decoration-default\"   >  info@arehealthclinic.com<\/p><\/div><style>.ld_spacer_69fc85e17da31{height:32px;}<\/style>\n<div class=\"ld-empty-space ld_spacer_69fc85e17da31\"><\/div>[\/vc_column_inner][\/vc_row_inner][\/vc_column][vc_column width=&#8221;1\/3&#8243; css=&#8221;.vc_custom_1663854513839{background-color: #ffffff !important;border-radius: 10px !important;}&#8221;]<style>.ld_fancy_heading_69fc85e17db43 h3 {font-size:20px; } .ld_fancy_heading_69fc85e17db43 h3 {margin-bottom:1.25em !important;  } .ld_fancy_heading_69fc85e17db43 .lqd-highlight-inner{height:0.275em!important;bottom:0px!important;}.ld_fancy_heading_69fc85e17db43 h3 {font-size:20px; } .ld_fancy_heading_69fc85e17db43 h3 {margin-bottom:1.25em !important;  } <\/style><div class=\"ld-fancy-heading ld_fancy_heading_69fc85e17db43\">\n\t<h3 class=\"ld-fh-element lqd-highlight-underline lqd-highlight-grow-left text-decoration-default\"   >  \u0130leti\u015fime Ge\u00e7<\/h3><\/div><style>.ld_cf7_69fc85e17dcc5 input,.ld_cf7_69fc85e17dcc5 textarea,.ld_cf7_69fc85e17dcc5 .ui-button.ui-selectmenu-button{font-size:13px;}.ld_cf7_69fc85e17dcc5 input[type=\"submit\"]{font-size:16px;}.ld_cf7_69fc85e17dcc5 input, .ld_cf7_69fc85e17dcc5 select, .ld_cf7_69fc85e17dcc5 textarea, .ld_cf7_69fc85e17dcc5 .ui-button.ui-selectmenu-button, .ld_cf7_69fc85e17dcc5 .wpcf7-form-control-wrap > i, .ld_cf7_69fc85e17dcc5 .wpcf7-radio{color:rgb(90, 102, 126);}.ld_cf7_69fc85e17dcc5 input:focus, .ld_cf7_69fc85e17dcc5 select:focus, .ld_cf7_69fc85e17dcc5 textarea:focus, .ld_cf7_69fc85e17dcc5 .ui-button.ui-selectmenu-button:hover, .wpcf7-acceptance .wpcf7-list-item-label:after{color:rgb(0, 0, 0);}.ld_cf7_69fc85e17dcc5 input, .ld_cf7_69fc85e17dcc5 select, .ld_cf7_69fc85e17dcc5 textarea, .ld_cf7_69fc85e17dcc5 .ui-button.ui-selectmenu-button, .ld_cf7_69fc85e17dcc5 .wpcf7-acceptance .wpcf7-list-item-label:before{border-color:rgba(123, 131, 142, 0.16);}.ld_cf7_69fc85e17dcc5 input:focus, .ld_cf7_69fc85e17dcc5 select:focus, .ld_cf7_69fc85e17dcc5 textarea:focus, .ld_cf7_69fc85e17dcc5 .ui-button.ui-selectmenu-button:hover{border-color:rgb(90, 102, 126);}.ld_cf7_69fc85e17dcc5 .wpcf7-form-control-wrap{margin-bottom:18px;}<\/style><div id=\"ld_cf7_69fc85e17dcc5\" class=\"lqd-contact-form lqd-contact-form-button-block ld_cf7_69fc85e17dcc5 vc_custom_1663854329615\">\n\t\n<div class=\"wpcf7 no-js\" id=\"wpcf7-f5-o1\" lang=\"tr-TR\" dir=\"ltr\">\n<div class=\"screen-reader-response\"><p role=\"status\" aria-live=\"polite\" aria-atomic=\"true\"><\/p> <ul><\/ul><\/div>\n<form action=\"\/tr\/wp-json\/wp\/v2\/pages\/14272#wpcf7-f5-o1\" method=\"post\" class=\"wpcf7-form init\" aria-label=\"Contact form\" novalidate=\"novalidate\" data-status=\"init\">\n<div style=\"display: none;\">\n<input type=\"hidden\" name=\"_wpcf7\" value=\"5\" \/>\n<input type=\"hidden\" name=\"_wpcf7_version\" value=\"5.8.1\" \/>\n<input type=\"hidden\" name=\"_wpcf7_locale\" value=\"tr_TR\" \/>\n<input type=\"hidden\" name=\"_wpcf7_unit_tag\" value=\"wpcf7-f5-o1\" \/>\n<input type=\"hidden\" name=\"_wpcf7_container_post\" value=\"0\" \/>\n<input type=\"hidden\" name=\"_wpcf7_posted_data_hash\" value=\"\" \/>\n<\/div>\n<p><label> Ad Soyad<br \/>\n<span class=\"wpcf7-form-control-wrap\" data-name=\"your-name\"><input size=\"40\" class=\"wpcf7-form-control wpcf7-text wpcf7-validates-as-required\" aria-required=\"true\" aria-invalid=\"false\" value=\"\" type=\"text\" name=\"your-name\" \/><\/span> <\/label>\n<\/p>\n<p><label> E-Posta<br \/>\n<span class=\"wpcf7-form-control-wrap\" data-name=\"your-email\"><input size=\"40\" class=\"wpcf7-form-control wpcf7-email wpcf7-validates-as-required wpcf7-text wpcf7-validates-as-email\" aria-required=\"true\" aria-invalid=\"false\" value=\"\" type=\"email\" name=\"your-email\" \/><\/span> <\/label>\n<\/p>\n<p><label> Telefon<br \/>\n<span class=\"wpcf7-form-control-wrap\" data-name=\"telefon\"><input size=\"40\" class=\"wpcf7-form-control wpcf7-phonetext wpcf7-validates-as-required wpcf7-text wpcf7-validates-as-phonetext\" aria-required=\"true\" aria-invalid=\"false\" placeholder=\"99999999\" value=\"\" type=\"text\" name=\"telefon\" \/><input type=\"hidden\" name=\"telefon-country-code\" class=\"wpcf7-phonetext-country-code\" \/><\/span><\/label>\n<\/p>\n<p><label> Operasyon<br \/>\n<span class=\"wpcf7-form-control-wrap\" data-name=\"operasyon\"><input size=\"40\" class=\"wpcf7-form-control wpcf7-text wpcf7-validates-as-required\" aria-required=\"true\" aria-invalid=\"false\" value=\"\" type=\"text\" name=\"operasyon\" \/><\/span> <\/label>\n<\/p>\n<p><input class=\"wpcf7-form-control wpcf7-submit has-spinner\" type=\"submit\" value=\"G\u00f6nder\" \/>\n<\/p><div class=\"wpcf7-response-output\" aria-hidden=\"true\"><\/div>\n<\/form>\n<\/div>\n<\/div>[\/vc_column][\/vc_row][vc_row full_width=&#8221;stretch_row&#8221; gap=&#8221;0&#8243; css=&#8221;.vc_custom_1663854613362{margin-top: 30px !important;}&#8221;][vc_column][vc_gmaps link=&#8221;#E-8_JTNDaWZyYW1lJTIwc3JjJTNEJTIyaHR0cHMlM0ElMkYlMkZ3d3cuZ29vZ2xlLmNvbSUyRm1hcHMlMkZlbWJlZCUzRnBiJTNEJTIxMW0xNCUyMTFtOCUyMTFtMyUyMTFkNjAyMS42MzQxMzMzNjYyNTklMjEyZDI4LjgwODY1MDk5OTk5OTk5OCUyMTNkNDEuMDA3Mzc3JTIxM20yJTIxMWkxMDI0JTIxMmk3NjglMjE0ZjEzLjElMjEzbTMlMjExbTIlMjExczB4MTRjYWE0N2ViZTA4YjY5ZCUyNTNBMHhlYjcxYTE3ZDZjNTBkMTE5JTIxMnpTMkZ5ZEdGc2RHVndaU3dnVFdGc1lYcG5hWEowSUVOa0xpQk9iem94TUN3Z016UXlPVFVnUzhPOHc2ZkR2R3ZEcDJWcmJXVmpaU19Fc0hOMFlXNWlkV3clMjE1ZTAlMjEzbTIlMjExc3RyJTIxMnN0ciUyMTR2MTY2Mzg1MTc5Mjk0MSUyMTVtMiUyMTFzdHIlMjEyc3RyJTIyJTIwd2lkdGglM0QlMjI2MDAlMjIlMjBoZWlnaHQlM0QlMjI0NTAlMjIlMjBzdHlsZSUzRCUyMmJvcmRlciUzQTAlM0IlMjIlMjBhbGxvd2Z1bGxzY3JlZW4lM0QlMjIlMjIlMjBsb2FkaW5nJTNEJTIybGF6eSUyMiUyMHJlZmVycmVycG9saWN5JTNEJTIybm8tcmVmZXJyZXItd2hlbi1kb3duZ3JhZGUlMjIlM0UlM0MlMkZpZnJhbWUlM0U=&#8221;][\/vc_column][\/vc_row]<\/p>\n","protected":false},"excerpt":{"rendered":"<p>[vc_row luminosity=&#8221;dark&#8221; bg_position=&#8221;center center&#8221; enable_overlay=&#8221;yes&#8221; enable_row_dividers=&#8221;yes&#8221; enable_loading_bg=&#8221;yes&#8221; css=&#8221;.vc_custom_1663855096944{padding-top: 180px !important;padding-bottom: 100px !important;background-image: url(https:\/\/marketinghub.liquid-themes.com\/staging\/wp-content\/uploads\/2020\/05\/marketing-bg@2x-scaled.jpg?id=5865) !important;background-position: center !important;background-repeat: no-repeat !important;background-size: cover !important;}&#8221; overlay_bg=&#8221;rgba(12, 13, 14, 0.34)&#8221; row_svg_divider=&#8221;bottom_shape_type:12|bottom_shape_color:%23ffffff|bottom_shape_height:68&#8243;][vc_column align=&#8221;text-center&#8221; offset=&#8221;vc_col-md-offset-1 vc_col-md-10&#8243; css=&#8221;.vc_custom_1595576723011{background-position: 0 0 !important;background-repeat: no-repeat !important;}&#8221; responsive_align=&#8221;text-center&#8221;][\/vc_column][\/vc_row][vc_row responsive_css=&#8221;margin_top_large:150px|margin_top_medium:50px&#8221; css=&#8221;.vc_custom_1663854573230{margin-top: 150px !important;}&#8221;][vc_column width=&#8221;2\/3&#8243;][vc_row_inner css=&#8221;.vc_custom_1608560196551{padding-top: 45px !important;}&#8221;][vc_column_inner width=&#8221;1\/2&#8243;][\/vc_column_inner][vc_column_inner width=&#8221;1\/2&#8243;][\/vc_column_inner][\/vc_row_inner][\/vc_column][vc_column width=&#8221;1\/3&#8243; css=&#8221;.vc_custom_1663854513839{background-color: #ffffff !important;border-radius: 10px !important;}&#8221;][\/vc_column][\/vc_row][vc_row full_width=&#8221;stretch_row&#8221; gap=&#8221;0&#8243; css=&#8221;.vc_custom_1663854613362{margin-top: 30px [&hellip;]<\/p>\n","protected":false},"author":1,"featured_media":0,"parent":0,"menu_order":0,"comment_status":"closed","ping_status":"closed","template":"","meta":{"om_disable_all_campaigns":false,"footnotes":""},"_links":{"self":[{"href":"https:\/\/arehealthclinic.com\/tr\/wp-json\/wp\/v2\/pages\/14272"}],"collection":[{"href":"https:\/\/arehealthclinic.com\/tr\/wp-json\/wp\/v2\/pages"}],"about":[{"href":"https:\/\/arehealthclinic.com\/tr\/wp-json\/wp\/v2\/types\/page"}],"author":[{"embeddable":true,"href":"https:\/\/arehealthclinic.com\/tr\/wp-json\/wp\/v2\/users\/1"}],"replies":[{"embeddable":true,"href":"https:\/\/arehealthclinic.com\/tr\/wp-json\/wp\/v2\/comments?post=14272"}],"version-history":[{"count":3,"href":"https:\/\/arehealthclinic.com\/tr\/wp-json\/wp\/v2\/pages\/14272\/revisions"}],"predecessor-version":[{"id":14898,"href":"https:\/\/arehealthclinic.com\/tr\/wp-json\/wp\/v2\/pages\/14272\/revisions\/14898"}],"wp:attachment":[{"href":"https:\/\/arehealthclinic.com\/tr\/wp-json\/wp\/v2\/media?parent=14272"}],"curies":[{"name":"wp","href":"https:\/\/api.w.org\/{rel}","templated":true}]}}